{"id":607,"date":"2022-06-15T10:18:17","date_gmt":"2022-06-15T10:18:17","guid":{"rendered":"https:\/\/demo.creativethemes.com\/stagingfour\/?page_id=607"},"modified":"2023-11-27T11:13:19","modified_gmt":"2023-11-27T11:13:19","slug":"servicios","status":"publish","type":"page","link":"https:\/\/kuruoil.com.ar\/?page_id=607","title":{"rendered":"Servicios"},"content":{"rendered":"\n<div class=\"wp-block-stackable-spacer stk-block-spacer stk--no-padding stk-block stk-b1c6930\" data-block-id=\"b1c6930\"><style>.stk-b1c6930{height:64px !important}<\/style><\/div>\n\n\n\n<div class=\"wp-block-stackable-heading stk-block-heading stk-block-heading--v2 stk-block stk-48540cf\" id=\"span-style-color-00515-e-class-stk-highlight-servicios-span\" data-block-id=\"48540cf\"><style>.stk-48540cf .stk-block-heading__bottom-line{height:2px !important;background-color:var(--theme-palette-color-5,#e1e8ed) !important;margin-left:auto !important;margin-right:auto !important}<\/style><h2 class=\"stk-block-heading__text has-text-align-center\"><span style=\"color: #00515e;\" class=\"stk-highlight\">Servicios<\/span><\/h2><div class=\"stk-block-heading__bottom-line\"><\/div><\/div>\n\n\n\n<div class=\"wp-block-stackable-carousel alignwide stk-block-carousel stk--is-fade stk--arrows-justify-space-between stk--arrows-align-center stk-block stk-c138a47\" data-slides-to-show=\"\" data-block-id=\"c138a47\"><div class=\"stk-block-carousel__content-wrapper\"><div class=\"stk-row stk-inner-blocks has-text-align-center stk-block-content stk-block-carousel__slider-wrapper stk-content-align stk-c138a47-column alignwide\"><div class=\"stk-block-carousel__slider\" role=\"list\" data-autoplay=\"4000\" data-label-slide-of=\"Slide %%d of %%d\">\n<div class=\"wp-block-stackable-column stk-block-column stk-column stk-block stk-f6ef45b\" data-v=\"4\" data-block-id=\"f6ef45b\"><style>.stk-f6ef45b{align-self:center !important}.stk-f6ef45b-inner-blocks{align-items:center !important;justify-content:center !important}<\/style><div class=\"stk-column-wrapper stk-block-column__content stk-container stk-f6ef45b-container stk--no-background stk--no-padding\"><div class=\"has-text-align-center stk--column-flex stk-block-content stk-inner-blocks stk-f6ef45b-inner-blocks\">\n<figure class=\"wp-block-image size-large\"><img loading=\"lazy\" decoding=\"async\" width=\"1024\" height=\"339\" src=\"https:\/\/kuruoil.com.ar\/wp-content\/uploads\/2023\/11\/Component-3-1024x339.png\" alt=\"\" class=\"wp-image-753\" srcset=\"https:\/\/kuruoil.com.ar\/wp-content\/uploads\/2023\/11\/Component-3-1024x339.png 1024w, https:\/\/kuruoil.com.ar\/wp-content\/uploads\/2023\/11\/Component-3-300x99.png 300w, https:\/\/kuruoil.com.ar\/wp-content\/uploads\/2023\/11\/Component-3-768x254.png 768w, https:\/\/kuruoil.com.ar\/wp-content\/uploads\/2023\/11\/Component-3.png 1116w\" sizes=\"auto, (max-width: 1024px) 100vw, 1024px\" \/><\/figure>\n<\/div><\/div><\/div>\n\n\n\n<div class=\"wp-block-stackable-column stk-block-column stk-column stk-block stk-61e207c\" data-v=\"4\" data-block-id=\"61e207c\"><style>.stk-61e207c{align-self:center !important}.stk-61e207c-inner-blocks{align-items:center !important;justify-content:center !important}<\/style><div class=\"stk-column-wrapper stk-block-column__content stk-container stk-61e207c-container stk--no-background stk--no-padding\"><div class=\"has-text-align-center stk--column-flex stk-block-content stk-inner-blocks stk-61e207c-inner-blocks\">\n<figure class=\"wp-block-image size-large\"><img loading=\"lazy\" decoding=\"async\" width=\"1024\" height=\"339\" src=\"https:\/\/kuruoil.com.ar\/wp-content\/uploads\/2023\/11\/Mask-group-1024x339.png\" alt=\"\" class=\"wp-image-754\" srcset=\"https:\/\/kuruoil.com.ar\/wp-content\/uploads\/2023\/11\/Mask-group-1024x339.png 1024w, https:\/\/kuruoil.com.ar\/wp-content\/uploads\/2023\/11\/Mask-group-300x99.png 300w, https:\/\/kuruoil.com.ar\/wp-content\/uploads\/2023\/11\/Mask-group-768x254.png 768w, https:\/\/kuruoil.com.ar\/wp-content\/uploads\/2023\/11\/Mask-group.png 1114w\" sizes=\"auto, (max-width: 1024px) 100vw, 1024px\" \/><\/figure>\n<\/div><\/div><\/div>\n\n\n\n<div class=\"wp-block-stackable-column stk-block-column stk-column stk-block stk-5259d63\" data-v=\"4\" data-block-id=\"5259d63\"><style>.stk-5259d63{align-self:center !important}.stk-5259d63-inner-blocks{align-items:center !important;justify-content:center !important}<\/style><div class=\"stk-column-wrapper stk-block-column__content stk-container stk-5259d63-container stk--no-background stk--no-padding\"><div class=\"has-text-align-center stk--column-flex stk-block-content stk-inner-blocks stk-5259d63-inner-blocks\">\n<figure class=\"wp-block-image size-large\"><img loading=\"lazy\" decoding=\"async\" width=\"1024\" height=\"339\" src=\"https:\/\/kuruoil.com.ar\/wp-content\/uploads\/2023\/11\/Mask-group-1-1-1024x339.png\" alt=\"\" class=\"wp-image-757\" srcset=\"https:\/\/kuruoil.com.ar\/wp-content\/uploads\/2023\/11\/Mask-group-1-1-1024x339.png 1024w, https:\/\/kuruoil.com.ar\/wp-content\/uploads\/2023\/11\/Mask-group-1-1-300x99.png 300w, https:\/\/kuruoil.com.ar\/wp-content\/uploads\/2023\/11\/Mask-group-1-1-768x254.png 768w, https:\/\/kuruoil.com.ar\/wp-content\/uploads\/2023\/11\/Mask-group-1-1.png 1114w\" sizes=\"auto, (max-width: 1024px) 100vw, 1024px\" \/><\/figure>\n<\/div><\/div><\/div>\n<\/div><div class=\"stk-block-carousel__buttons\"><button class=\"stk-block-carousel__button stk-block-carousel__button__prev\" aria-label=\"Previous slide\"><svg aria-hidden=\"true\" focusable=\"false\" data-prefix=\"fas\" data-icon=\"chevron-left\" class=\"svg-inline--fa fa-chevron-left\" xmlns=\"http:\/\/www.w3.org\/2000\/svg\" viewBox=\"0 0 320 512\" width=\"32\" height=\"32\"><path fill=\"currentColor\" d=\"M34.52 239.03L228.87 44.69c9.37-9.37 24.57-9.37 33.94 0l22.67 22.67c9.36 9.36 9.37 24.52.04 33.9L131.49 256l154.02 154.75c9.34 9.38 9.32 24.54-.04 33.9l-22.67 22.67c-9.37 9.37-24.57 9.37-33.94 0L34.52 272.97c-9.37-9.37-9.37-24.57 0-33.94z\"><\/path><\/svg><\/button><button class=\"stk-block-carousel__button stk-block-carousel__button__next\" aria-label=\"Next slide\"><svg aria-hidden=\"true\" focusable=\"false\" data-prefix=\"fas\" data-icon=\"chevron-right\" class=\"svg-inline--fa fa-chevron-right\" xmlns=\"http:\/\/www.w3.org\/2000\/svg\" viewBox=\"0 0 320 512\" width=\"32\" height=\"32\"><path fill=\"currentColor\" d=\"M285.476 272.971L91.132 467.314c-9.373 9.373-24.569 9.373-33.941 0l-22.667-22.667c-9.357-9.357-9.375-24.522-.04-33.901L188.505 256 34.484 101.255c-9.335-9.379-9.317-24.544.04-33.901l22.667-22.667c9.373-9.373 24.569-9.373 33.941 0L285.475 239.03c9.373 9.372 9.373 24.568.001 33.941z\"><\/path><\/svg><\/button><\/div><\/div><div class=\"stk-block-carousel__dots\" role=\"list\" data-label=\"Slide %%d\"><\/div><\/div><\/div>\n\n\n\n<div class=\"wp-block-stackable-spacer stk-block-spacer stk--no-padding stk-block stk-b2c1613\" data-block-id=\"b2c1613\"><style>.stk-b2c1613{height:48px !important}@media screen and (max-width:999px){.stk-b2c1613{height:70px !important}}<\/style><\/div>\n\n\n\n<div class=\"wp-block-stackable-heading stk-block-heading stk-block-heading--v2 stk-block stk-6ab13b3\" id=\"span-style-color-00515-e-class-stk-highlight-kuru-oil-es-una-empresa-enfocada-en-span\" data-block-id=\"6ab13b3\"><style>.stk-6ab13b3 .stk-block-heading__bottom-line{height:2px !important;background-color:var(--theme-palette-color-5,#e1e8ed) !important;margin-left:auto !important;margin-right:auto !important}<\/style><h3 class=\"stk-block-heading__text has-text-align-center\"><span style=\"color: #00515e;\" class=\"stk-highlight\">Kur\u00fc Oil es una empresa enfocada en:<\/span><\/h3><div class=\"stk-block-heading__bottom-line\"><\/div><\/div>\n\n\n\n<div class=\"wp-block-stackable-columns stk-block-columns stk-block stk-e5ca9bd\" data-block-id=\"e5ca9bd\"><div class=\"stk-row stk-inner-blocks stk-block-content stk-content-align stk-e5ca9bd-column\">\n<div class=\"wp-block-stackable-column stk-block-column stk-column stk-block stk-1e11805\" data-v=\"4\" data-block-id=\"1e11805\"><style>.stk-1e11805-container{margin-top:12px !important;margin-right:12px !important;margin-bottom:12px !important;margin-left:12px !important;background-color:linear-gradient(to top,#dfe9f3 0%,white 100%) !important;border-top-left-radius:8px !important;border-top-right-radius:8px !important;border-bottom-right-radius:8px !important;border-bottom-left-radius:8px !important;overflow:hidden !important;padding-top:24px !important;padding-right:24px !important;padding-bottom:24px !important;padding-left:24px !important}.stk-1e11805-container:before{mix-blend-mode:normal !important;background-image:linear-gradient(to top,#dfe9f3 0%,white 100%) !important}<\/style><div class=\"stk-column-wrapper stk-block-column__content stk-container stk-1e11805-container stk-hover-parent stk--has-background-overlay\"><div class=\"has-text-align-left stk-block-content stk-inner-blocks stk-1e11805-inner-blocks\">\n<div class=\"wp-block-stackable-number-box stk-block-number-box has-text-align-center-mobile stk--has-shape stk-block stk-1b845ec\" data-block-id=\"1b845ec\"><style>.stk-1b845ec .stk-block-number-box__text{background-color:#00515e !important}.stk-1b845ec .stk-block-number-box__text:before{background-color:#00515e !important}<\/style><div class=\"stk-block-number-box__text\" role=\"presentation\">1<\/div><\/div>\n\n\n\n<div class=\"wp-block-stackable-text stk-block-text stk-block stk-0bcc8bf\" data-block-id=\"0bcc8bf\"><p class=\"stk-block-text__text\">Desarrollar, proveer y distribuir productos para la protecci\u00f3n avanzada de cables de potencia y componentes para sistemas ESP.<\/p><\/div>\n<\/div><\/div><\/div>\n\n\n\n<div class=\"wp-block-stackable-column stk-block-column stk-column stk-block stk-7145d40\" data-v=\"4\" data-block-id=\"7145d40\"><style>.stk-7145d40-container{background-color:linear-gradient(135deg,#f5f7fa 0%,#c3cfe2 100%) !important;border-top-left-radius:8px !important;border-top-right-radius:8px !important;border-bottom-right-radius:8px !important;border-bottom-left-radius:8px !important;overflow:hidden !important}.stk-7145d40-container:before{background-image:linear-gradient(135deg,#f5f7fa 0%,#c3cfe2 100%) !important}<\/style><div class=\"stk-column-wrapper stk-block-column__content stk-container stk-7145d40-container stk-hover-parent stk--has-background-overlay\"><div class=\"stk-block-content stk-inner-blocks stk-7145d40-inner-blocks\">\n<div class=\"wp-block-stackable-number-box stk-block-number-box has-text-align-center-mobile stk--has-shape stk-block stk-891fcb8\" data-block-id=\"891fcb8\"><style>.stk-891fcb8 .stk-block-number-box__text{background-color:#00515e !important}.stk-891fcb8 .stk-block-number-box__text:before{background-color:#00515e !important}<\/style><div class=\"stk-block-number-box__text\" role=\"presentation\">2<\/div><\/div>\n\n\n\n<div class=\"wp-block-stackable-text stk-block-text stk-block stk-65e0b7f\" data-block-id=\"65e0b7f\"><p class=\"stk-block-text__text\">Trabajar con tecnolog\u00eda EOR (Recuperaci\u00f3n mejorada de petr\u00f3leo) instalando un calentador mec\u00e1nico confiable, rentable y bajo en carbono.<\/p><\/div>\n<\/div><\/div><\/div>\n\n\n\n<div class=\"wp-block-stackable-column stk-block-column stk-column stk-block stk-7618ad3\" data-v=\"4\" data-block-id=\"7618ad3\"><style>.stk-7618ad3-container{background-color:linear-gradient(135deg,#f5f7fa 0%,#c3cfe2 100%) !important;border-top-left-radius:8px !important;border-top-right-radius:8px !important;border-bottom-right-radius:8px !important;border-bottom-left-radius:8px !important;overflow:hidden !important}.stk-7618ad3-container:before{background-image:linear-gradient(135deg,#f5f7fa 0%,#c3cfe2 100%) !important}<\/style><div class=\"stk-column-wrapper stk-block-column__content stk-container stk-7618ad3-container stk-hover-parent stk--has-background-overlay\"><div class=\"stk-block-content stk-inner-blocks stk-7618ad3-inner-blocks\">\n<div class=\"wp-block-stackable-number-box stk-block-number-box has-text-align-center-mobile stk--has-shape stk-block stk-e40dc18\" data-block-id=\"e40dc18\"><style>.stk-e40dc18 .stk-block-number-box__text{background-color:#00515e !important}.stk-e40dc18 .stk-block-number-box__text:before{background-color:#00515e !important}<\/style><div class=\"stk-block-number-box__text\" role=\"presentation\">3<\/div><\/div>\n\n\n\n<div class=\"wp-block-stackable-text stk-block-text stk-block stk-0c20f50\" data-block-id=\"0c20f50\"><p class=\"stk-block-text__text\">Proveer sistemas ESP para pozos en campos maduros, no convencionales y operaciones de recuperaci\u00f3n t\u00e9rmica.<\/p><\/div>\n<\/div><\/div><\/div>\n<\/div><\/div>\n\n\n\n<div class=\"wp-block-stackable-spacer stk-block-spacer stk--no-padding stk-block stk-c0a565c\" data-block-id=\"c0a565c\"><style>.stk-c0a565c{height:48px !important}@media screen and (max-width:999px){.stk-c0a565c{height:70px !important}}<\/style><\/div>\n\n\n\n<div class=\"wp-block-stackable-separator alignfull stk-block-separator stk--no-padding stk-block stk-3fc7c4c\" data-block-id=\"3fc7c4c\"><style>.stk-3fc7c4c{align-items:flex-end !important;margin-bottom:0px !important;display:flex !important}.stk-3fc7c4c svg{fill:#00515e !important}.stk-3fc7c4c .stk-block-separator__inner{height:230px !important}@media screen and (max-width:689px){.stk-3fc7c4c .stk-block-separator__inner{height:30px !important}}<\/style><div class=\"stk-block-separator__inner\"><svg xmlns=\"http:\/\/www.w3.org\/2000\/svg\" viewBox=\"0 0 1600 200\" class=\"stk-separator__layer-1\" preserveAspectRatio=\"none\" aria-hidden=\"true\"><path d=\"M1610 209.7v-51.2s-81.4-33.3-241.4-23.1c-157.4 10-247.9 49.6-340.9 49.4-93.1-.1-121-14.6-174.2-33.6-75.7-27.1-166.9-27.2-185.5-25.1-18.7 2.1-67.8 5.5-106-19.3-38.2-24.7-94.8-55.4-209.2-43.1C238.1 76.3 80 111.8-10 55.7v154h1620z\"><\/path><\/svg><\/div><\/div>\n\n\n\n<div class=\"wp-block-stackable-columns alignfull stk-block-columns stk-block stk-f4f80e0 stk-block-background\" data-block-id=\"f4f80e0\"><style>.stk-f4f80e0 .stk--block-align-f4f80e0{align-items:center !important}.stk-f4f80e0{background-color:#00515e !important;align-items:center !important;padding-top:100px !important;padding-right:100px !important;padding-bottom:100px !important;padding-left:100px !important;margin-bottom:0px !important;display:flex !important}.stk-f4f80e0:before{background-color:#00515e !important}.stk-f4f80e0-column{justify-content:center !important}@media screen and (max-width:689px){.stk-f4f80e0{padding-top:36px !important;padding-right:36px !important;padding-bottom:36px !important;padding-left:36px !important}.stk-f4f80e0-column{max-width:1500px !important;--stk-columns-spacing:0px !important;--stk-column-gap:0px !important;justify-content:center !important}}<\/style><div class=\"stk-row stk-inner-blocks has-text-align-center has-text-align-center-mobile stk--block-align-f4f80e0 stk-block-content stk-content-align stk-f4f80e0-column stk--flex alignfull\">\n<div class=\"wp-block-stackable-column stk-block-column stk-column stk-block stk-d25b1cb\" data-v=\"4\" data-block-id=\"d25b1cb\"><style>.stk-d25b1cb-container{margin-top:0px !important;margin-right:24px !important;margin-bottom:0px !important;margin-left:24px !important}@media screen and (max-width:689px){.stk-d25b1cb-container{margin-top:0px !important;margin-right:0px !important;margin-bottom:0px !important;margin-left:0px !important}.stk-d25b1cb-inner-blocks{align-items:center !important}}<\/style><div class=\"stk-column-wrapper stk-block-column__content stk-container stk-d25b1cb-container stk--no-background stk--no-padding\"><div class=\"has-text-align-center-mobile stk-block-content stk-inner-blocks stk-d25b1cb-inner-blocks\">\n<div class=\"wp-block-stackable-heading stk-block-heading stk-block-heading--v2 stk-block stk-54d13e9\" id=\"somos-ante-todo-expertos-en-esp-br-creando-soluciones-para-las-aplicaciones-de-nuestros-clientes\" data-block-id=\"54d13e9\"><style>.stk-54d13e9 .stk-block-heading__text{color:#ffffff !important}<\/style><h3 class=\"stk-block-heading__text has-text-color has-text-align-center\">Somos ante todo expertos en ESP,<br>creando soluciones para las aplicaciones de nuestros clientes.<\/h3><\/div>\n\n\n\n<div class=\"wp-block-stackable-button-group stk-block-button-group stk-block stk-137f217\" data-block-id=\"137f217\"><style>.stk-137f217 .stk-inner-blocks{column-gap:20px !important;row-gap:15px !important}<\/style><div class=\"stk-row stk-inner-blocks stk-block-content stk-button-group\">\n<div class=\"wp-block-stackable-button stk-block-button stk-block stk-f55ba43\" data-block-id=\"f55ba43\"><style>.stk-f55ba43{margin-top:0px !important;margin-right:0px !important;margin-bottom:0px !important;margin-left:0px !important}.stk-f55ba43 .stk-button{padding-top:12px !important;padding-right:30px !important;padding-bottom:12px !important;padding-left:30px !important;background:var(--theme-palette-color-4,#102136) !important}.stk-f55ba43 .stk-button:hover:after{background:var(--theme-palette-color-2,#5e3fde) !important;opacity:1 !important}.stk-f55ba43 .stk-button .stk--inner-svg svg:last-child,.stk-f55ba43 .stk-button .stk--inner-svg svg:last-child :is(g,path,rect,polygon,ellipse){fill:#ffffff !important}.stk-f55ba43 .stk-button:hover .stk--inner-svg svg:last-child,.stk-f55ba43 .stk-button:hover .stk--inner-svg svg:last-child :is(g,path,rect,polygon,ellipse){fill:var(--theme-palette-color-2,#5e3fde) !important}<\/style><a class=\"stk-link stk-button stk--hover-effect-darken\" href=\"https:\/\/wa.me\/5492976232345\" target=\"_blank\" rel=\"noreferrer noopener\"><span class=\"stk--svg-wrapper\"><div class=\"stk--inner-svg\"><svg aria-hidden=\"true\" focusable=\"false\" data-prefix=\"fab\" data-icon=\"whatsapp\" class=\"svg-inline--fa fa-whatsapp fa-w-14\" xmlns=\"http:\/\/www.w3.org\/2000\/svg\" viewBox=\"0 0 448 512\" width=\"32\" height=\"32\"><path fill=\"currentColor\" d=\"M380.9 97.1C339 55.1 283.2 32 223.9 32c-122.4 0-222 99.6-222 222 0 39.1 10.2 77.3 29.6 111L0 480l117.7-30.9c32.4 17.7 68.9 27 106.1 27h.1c122.3 0 224.1-99.6 224.1-222 0-59.3-25.2-115-67.1-157zm-157 341.6c-33.2 0-65.7-8.9-94-25.7l-6.7-4-69.8 18.3L72 359.2l-4.4-7c-18.5-29.4-28.2-63.3-28.2-98.2 0-101.7 82.8-184.5 184.6-184.5 49.3 0 95.6 19.2 130.4 54.1 34.8 34.9 56.2 81.2 56.1 130.5 0 101.8-84.9 184.6-186.6 184.6zm101.2-138.2c-5.5-2.8-32.8-16.2-37.9-18-5.1-1.9-8.8-2.8-12.5 2.8-3.7 5.6-14.3 18-17.6 21.8-3.2 3.7-6.5 4.2-12 1.4-32.6-16.3-54-29.1-75.5-66-5.7-9.8 5.7-9.1 16.3-30.3 1.8-3.7.9-6.9-.5-9.7-1.4-2.8-12.5-30.1-17.1-41.2-4.5-10.8-9.1-9.3-12.5-9.5-3.2-.2-6.9-.2-10.6-.2-3.7 0-9.7 1.4-14.8 6.9-5.1 5.6-19.4 19-19.4 46.3 0 27.3 19.9 53.7 22.6 57.4 2.8 3.7 39.1 59.7 94.8 83.8 35.2 15.2 49 16.5 66.6 13.9 10.7-1.6 32.8-13.4 37.4-26.4 4.6-13 4.6-24.1 3.2-26.4-1.3-2.5-5-3.9-10.5-6.6z\"><\/path><\/svg><\/div><\/span><span class=\"stk-button__inner-text\">CONTACTANOS<\/span><\/a><\/div>\n<\/div><\/div>\n<\/div><\/div><\/div>\n<\/div><\/div>\n","protected":false},"excerpt":{"rendered":"<p>Servicios Kur\u00fc Oil es una empresa enfocada en: 1 Desarrollar, proveer y distribuir productos para la protecci\u00f3n avanzada de cables de potencia y componentes para sistemas ESP. 2 Trabajar con tecnolog\u00eda EOR (Recuperaci\u00f3n mejorada de petr\u00f3leo) instalando un calentador mec\u00e1nico confiable, rentable y bajo en carbono. 3 Proveer sistemas ESP para pozos en campos maduros, [&hellip;]<\/p>\n","protected":false},"author":1,"featured_media":0,"parent":0,"menu_order":0,"comment_status":"closed","ping_status":"closed","template":"","meta":{"footnotes":""},"class_list":["post-607","page","type-page","status-publish","hentry"],"blocksy_meta":{"page_title_panel":"","has_hero_section":"disabled","fe1c64ab89945cda534f4bb2d579ae1a":"","hero_section":"type-1","hero_elements":[{"id":"custom_title","enabled":true,"heading_tag":"h1","title":"Home"},{"id":"custom_description","enabled":true,"description_visibility":{"desktop":true,"tablet":true,"mobile":false}},{"id":"custom_meta","enabled":false,"meta_elements":[{"id":"author","enabled":true,"label":"By","has_author_avatar":"yes","avatar_size":25},{"id":"post_date","enabled":true,"label":"On","date_format_source":"default","date_format":"M j, Y"},{"id":"updated_date","enabled":false,"label":"On","date_format_source":"default","date_format":"M j, Y"},{"id":"categories","enabled":false,"label":"In","style":"simple"},{"id":"comments","enabled":true}],"page_meta_elements":{"joined":true,"articles_count":true,"comments":true}},{"id":"breadcrumbs","enabled":false}],"433b02732bec8d55ec282f00a9a700eb":"","hero_alignment1":"CT_CSS_SKIP_RULE","hero_margin":40,"hero_alignment2":"center","hero_vertical_alignment":"center","fdbb34d69d6afe2394c07d96c9ea0b60":"","hero_structure":"narrow","cb306aece5e91b9a44875e4a81075440":"","page_title_bg_type":"featured_image","custom_hero_background":{"attachment_id":null},"page_title_image_size":"full","parallax":{"desktop":false,"tablet":false,"mobile":false},"034bc954f3c533bc75ffdf62670c8395":"","hero_height":"250px","pageTitleFont":{"family":"Default","variation":"Default","size":"30px","line-height":"CT_CSS_SKIP_RULE","letter-spacing":"CT_CSS_SKIP_RULE","text-transform":"CT_CSS_SKIP_RULE","text-decoration":"CT_CSS_SKIP_RULE"},"pageTitleFontColor":{"default":{"color":"CT_CSS_SKIP_RULEDEFAULT"}},"pageMetaFont":{"family":"Default","variation":"n6","size":"12px","line-height":"1.3","letter-spacing":"CT_CSS_SKIP_RULE","text-transform":"uppercase","text-decoration":"CT_CSS_SKIP_RULE"},"pageMetaFontColor":{"default":{"color":"CT_CSS_SKIP_RULEDEFAULT"},"hover":{"color":"CT_CSS_SKIP_RULEDEFAULT"}},"page_meta_button_type_font_colors":{"default":{"color":"CT_CSS_SKIP_RULEDEFAULT"},"hover":{"color":"CT_CSS_SKIP_RULEDEFAULT"}},"page_meta_button_type_background_colors":{"default":{"color":"CT_CSS_SKIP_RULEDEFAULT"},"hover":{"color":"CT_CSS_SKIP_RULEDEFAULT"}},"pageExcerptFont":{"family":"Default","variation":"Default","size":"CT_CSS_SKIP_RULE","line-height":"CT_CSS_SKIP_RULE","letter-spacing":"CT_CSS_SKIP_RULE","text-transform":"CT_CSS_SKIP_RULE","text-decoration":"CT_CSS_SKIP_RULE"},"pageExcerptColor":{"default":{"color":"CT_CSS_SKIP_RULEDEFAULT"}},"breadcrumbsFont":{"family":"Default","variation":"Default","size":"CT_CSS_SKIP_RULE","line-height":"CT_CSS_SKIP_RULE","letter-spacing":"CT_CSS_SKIP_RULE","text-transform":"CT_CSS_SKIP_RULE","text-decoration":"CT_CSS_SKIP_RULE"},"breadcrumbsFontColor":{"default":{"color":"CT_CSS_SKIP_RULEDEFAULT"},"initial":{"color":"CT_CSS_SKIP_RULEDEFAULT"},"hover":{"color":"CT_CSS_SKIP_RULEDEFAULT"}},"pageTitleOverlay":{"background_type":"color","background_pattern":"type-1","background_image":{"attachment_id":null,"x":0,"y":0},"gradient":"linear-gradient(135deg,rgba(6,147,227,1) 0%,rgb(155,81,224) 100%)","background_repeat":"repeat","background_size":"auto","background_attachment":"scroll","patternColor":{"default":{"color":"#e5e7ea"}},"overlayColor":{"default":{"color":"CT_CSS_SKIP_RULE"}},"backgroundColor":{"default":{"color":"CT_CSS_SKIP_RULE"}}},"pageTitleBackground":{"background_type":"color","background_pattern":"type-1","background_image":{"attachment_id":null,"x":0,"y":0},"gradient":"linear-gradient(135deg,rgba(6,147,227,1) 0%,rgb(155,81,224) 100%)","background_repeat":"repeat","background_size":"auto","background_attachment":"scroll","patternColor":{"default":{"color":"#e5e7ea"}},"overlayColor":{"default":{"color":"CT_CSS_SKIP_RULE"}},"backgroundColor":{"default":{"color":"var(--theme-palette-color-6)"}}},"pageTitlePadding":{"top":"50px","bottom":"50px","left":"auto","right":"auto","linked":true},"12e455f30de1d15aed0effbbb6f951bf":"","page_structure_type":"default","f474d2f3ad69b4e64f52dac0a3aa2bb2":"","content_style_source":"inherit","content_style":"wide","vertical_spacing_source":"custom","content_area_spacing":"none","background":{"background_type":"color","background_pattern":"type-1","background_image":{"attachment_id":null,"x":0,"y":0},"gradient":"linear-gradient(135deg,rgba(6,147,227,1) 0%,rgb(155,81,224) 100%)","background_repeat":"repeat","background_size":"auto","background_attachment":"scroll","patternColor":{"default":{"color":"#e5e7ea"}},"overlayColor":{"default":{"color":"CT_CSS_SKIP_RULE"}},"backgroundColor":{"default":{"color":"CT_CSS_SKIP_RULE"}}},"content_background":{"background_type":"color","background_pattern":"type-1","background_image":{"attachment_id":null,"x":0,"y":0},"gradient":"linear-gradient(135deg,rgba(6,147,227,1) 0%,rgb(155,81,224) 100%)","background_repeat":"repeat","background_size":"auto","background_attachment":"scroll","patternColor":{"default":{"color":"#e5e7ea"}},"overlayColor":{"default":{"color":"CT_CSS_SKIP_RULE"}},"backgroundColor":{"default":{"color":"var(--theme-palette-color-8)"}}},"content_boxed_shadow":{"inherit":false,"blur":18,"spread":-6,"v_offset":12,"h_offset":0,"inset":false,"enable":true,"color":{"color":"rgba(34, 56, 101, 0.04)"}},"content_boxed_border":{"width":1,"style":"none","color":{"color":"rgba(44,62,80,0.2)"}},"content_boxed_radius":{"top":"3px","bottom":"3px","left":"3px","right":"3px","linked":true},"boxed_content_spacing":{"desktop":{"top":"40px","bottom":"40px","left":"40px","right":"40px","linked":true},"tablet":{"top":"35px","bottom":"35px","left":"35px","right":"35px","linked":true},"mobile":{"top":"20px","bottom":"20px","left":"20px","right":"20px","linked":true}},"fca9f1d1c7aa58a4b21dd78357f6373e":"","disable_featured_image":"no","disable_share_box":"no","disable_header":"no","disable_footer":"no","styles_descriptor":{"styles":{"desktop":"","tablet":"","mobile":""},"google_fonts":[],"version":6}},"_links":{"self":[{"href":"https:\/\/kuruoil.com.ar\/index.php?rest_route=\/wp\/v2\/pages\/607","targetHints":{"allow":["GET"]}}],"collection":[{"href":"https:\/\/kuruoil.com.ar\/index.php?rest_route=\/wp\/v2\/pages"}],"about":[{"href":"https:\/\/kuruoil.com.ar\/index.php?rest_route=\/wp\/v2\/types\/page"}],"author":[{"embeddable":true,"href":"https:\/\/kuruoil.com.ar\/index.php?rest_route=\/wp\/v2\/users\/1"}],"replies":[{"embeddable":true,"href":"https:\/\/kuruoil.com.ar\/index.php?rest_route=%2Fwp%2Fv2%2Fcomments&post=607"}],"version-history":[{"count":17,"href":"https:\/\/kuruoil.com.ar\/index.php?rest_route=\/wp\/v2\/pages\/607\/revisions"}],"predecessor-version":[{"id":880,"href":"https:\/\/kuruoil.com.ar\/index.php?rest_route=\/wp\/v2\/pages\/607\/revisions\/880"}],"wp:attachment":[{"href":"https:\/\/kuruoil.com.ar\/index.php?rest_route=%2Fwp%2Fv2%2Fmedia&parent=607"}],"curies":[{"name":"wp","href":"https:\/\/api.w.org\/{rel}","templated":true}]}}